{"id":6,"date":"2023-05-21T16:40:35","date_gmt":"2023-05-21T14:40:35","guid":{"rendered":"https:\/\/vzob.ch\/?page_id=6"},"modified":"2025-04-15T05:03:17","modified_gmt":"2025-04-15T03:03:17","slug":"home","status":"publish","type":"page","link":"https:\/\/vzob.ch\/","title":{"rendered":"Verein Z\u00fcrcher- und Ostschweizer Buchbindereien"},"content":{"rendered":"\n<div style=\"height:50px\" aria-hidden=\"true\" class=\"wp-block-spacer\"><\/div>\n\n\n\n<p>Der VZOB f\u00f6rdert den fachlichen Austausch unter Buchbinderinnen und Buchbindern und st\u00e4rkt die Freundschaft und Geselligkeit unter Fachpersonen und deren Partnern. Dar\u00fcber hinaus setzt sich der Verein nach M\u00f6glichkeit f\u00fcr Aktivit\u00e4ten und Institutionen zur Berufs- und Imagebildung in der Printmedienverarbeitung ein.<\/p>\n\n\n\n<p>Regelm\u00e4ssige Treffen wie der Buchbinderstamm oder gemeinsame Anl\u00e4sse mit Firmen- oder Ausstellungsbesichtigungen bieten wertvolle Einblicke in die Branche. Das anschliessende gem\u00fctliche Nachtessen erm\u00f6glicht den pers\u00f6nlichen Austausch in entspannter Atmosph\u00e4re.<\/p>\n\n\n\n<p>Der VZOB ist eine lebendige Gemeinschaft f\u00fcr alle, die sich f\u00fcr die Kunst der Buchbinderei und die Welt der Printmedienverarbeitung begeistern.<\/p>\n\n\n\n<div style=\"height:50px\" aria-hidden=\"true\" class=\"wp-block-spacer\"><\/div>\n\n\n\n<p>Kontakt<br>mail@vzob.ch<\/p>\n","protected":false},"excerpt":{"rendered":"<p>Der VZOB f\u00f6rdert den fachlichen Austausch unter Buchbinderinnen und Buchbindern und st\u00e4rkt die Freundschaft und Geselligkeit unter Fachpersonen und deren Partnern. Dar\u00fcber hinaus setzt sich der Verein nach M\u00f6glichkeit f\u00fcr Aktivit\u00e4ten und Institutionen zur Berufs- und Imagebildung in der Printmedienverarbeitung ein. Regelm\u00e4ssige Treffen wie der Buchbinderstamm oder gemeinsame Anl\u00e4sse mit Firmen- oder Ausstellungsbesichtigungen bieten wertvolle [&hellip;]<\/p>\n","protected":false},"author":1,"featured_media":0,"parent":0,"menu_order":0,"comment_status":"closed","ping_status":"closed","template":"","meta":{"footnotes":""},"class_list":["post-6","page","type-page","status-publish","hentry"],"_links":{"self":[{"href":"https:\/\/vzob.ch\/index.php\/wp-json\/wp\/v2\/pages\/6","targetHints":{"allow":["GET"]}}],"collection":[{"href":"https:\/\/vzob.ch\/index.php\/wp-json\/wp\/v2\/pages"}],"about":[{"href":"https:\/\/vzob.ch\/index.php\/wp-json\/wp\/v2\/types\/page"}],"author":[{"embeddable":true,"href":"https:\/\/vzob.ch\/index.php\/wp-json\/wp\/v2\/users\/1"}],"replies":[{"embeddable":true,"href":"https:\/\/vzob.ch\/index.php\/wp-json\/wp\/v2\/comments?post=6"}],"version-history":[{"count":15,"href":"https:\/\/vzob.ch\/index.php\/wp-json\/wp\/v2\/pages\/6\/revisions"}],"predecessor-version":[{"id":48,"href":"https:\/\/vzob.ch\/index.php\/wp-json\/wp\/v2\/pages\/6\/revisions\/48"}],"wp:attachment":[{"href":"https:\/\/vzob.ch\/index.php\/wp-json\/wp\/v2\/media?parent=6"}],"curies":[{"name":"wp","href":"https:\/\/api.w.org\/{rel}","templated":true}]}}